{"id":90,"date":"2020-02-11T20:40:37","date_gmt":"2020-02-11T20:40:37","guid":{"rendered":"https:\/\/www.metal-listeriamiquel.es\/?page_id=90"},"modified":"2021-04-25T17:44:59","modified_gmt":"2021-04-25T17:44:59","slug":"carpinteria-metalica","status":"publish","type":"page","link":"https:\/\/www.metal-listeriamiquel.es\/es\/carpinteria-metalica\/","title":{"rendered":"Carpinter\u00eda met\u00e1lica"},"content":{"rendered":"<p>[et_pb_section fb_built=\u00bb1&#8243; _builder_version=\u00bb4.1&#8243; background_image=\u00bbhttps:\/\/www.metal-listeriamiquel.es\/wp-content\/uploads\/2020\/02\/metmiquel-banner.png\u00bb min_height=\u00bb331px\u00bb custom_margin=\u00bb||-177px|||\u00bb custom_padding=\u00bb80px||0px|||\u00bb][et_pb_row _builder_version=\u00bb4.1&#8243; custom_margin=\u00bb|auto|-15px|auto||\u00bb custom_padding=\u00bb0px|||||\u00bb animation_style=\u00bbflip\u00bb][et_pb_column type=\u00bb4_4&#8243; _builder_version=\u00bb4.1&#8243;][et_pb_text _builder_version=\u00bb4.1&#8243; text_font=\u00bbAmiko||||||||\u00bb text_text_color=\u00bb#ffffff\u00bb text_font_size=\u00bb55px\u00bb text_line_height=\u00bb1.8em\u00bb text_orientation=\u00bbcenter\u00bb background_layout=\u00bbdark\u00bb custom_padding=\u00bb0px||0px|||\u00bb text_text_shadow_style=\u00bbpreset1&#8243;]<\/p>\n<p>Carpinter\u00eda met\u00e1lica<\/p>\n<p>[\/et_pb_text][\/et_pb_column][\/et_pb_row][\/et_pb_section][et_pb_section fb_built=\u00bb1&#8243; _builder_version=\u00bb4.1&#8243; min_height=\u00bb72px\u00bb custom_margin=\u00bb175px|||||\u00bb custom_padding=\u00bb47px||100px|||\u00bb][et_pb_row _builder_version=\u00bb4.1&#8243; custom_margin=\u00bb-22px|auto||auto||\u00bb][et_pb_column type=\u00bb4_4&#8243; _builder_version=\u00bb4.1&#8243;][et_pb_text _builder_version=\u00bb4.1&#8243; text_font=\u00bbAmiko||||||||\u00bb text_text_color=\u00bb#1b4b9d\u00bb text_font_size=\u00bb30px\u00bb text_line_height=\u00bb1.8em\u00bb]<\/p>\n<p style=\"text-align: center;\"><strong>Una de las mejores opciones en carpinter\u00eda met\u00e1lica en Figueres<\/strong><\/p>\n<p>[\/et_pb_text][\/et_pb_column][\/et_pb_row][et_pb_row column_structure=\u00bb1_2,1_2&#8243; _builder_version=\u00bb4.1&#8243;][et_pb_column type=\u00bb1_2&#8243; _builder_version=\u00bb4.1&#8243;][et_pb_text _builder_version=\u00bb4.1&#8243; text_font=\u00bbAmiko||||||||\u00bb text_text_color=\u00bb#1B4B9D\u00bb text_font_size=\u00bb26px\u00bb text_line_height=\u00bb1.8em\u00bb custom_margin=\u00bb||25px|||\u00bb]<\/p>\n<p><strong>Nuestra empresa<\/strong><\/p>\n<p>[\/et_pb_text][et_pb_divider divider_style=\u00bbdouble\u00bb divider_weight=\u00bb6px\u00bb _builder_version=\u00bb4.1&#8243; custom_margin=\u00bb||14px|||\u00bb][\/et_pb_divider][et_pb_text _builder_version=\u00bb4.1&#8243; text_font_size=\u00bb18px\u00bb text_line_height=\u00bb1.8em\u00bb custom_margin=\u00bb-2px|||||\u00bb]<\/p>\n<p><span>Somos\u00a0<\/span><strong>Metal\u2219listeria Miquel<\/strong><span>, una empresa de s\u00f3lida experiencia en\u00a0<\/span><strong>carpinter\u00eda met\u00e1lica y de aluminio<\/strong><span>\u00a0donde cada trabajo que realizamos cuenta con el sello de garant\u00eda y calidad que solo nosotros podemos ofrecerte.<\/span><\/p>\n<p><span>Es hora de que elijas una empresa seria y responsable como la nuestra que, adem\u00e1s, cuenta con el reconocimiento de su clientela.<\/span><\/p>\n<p><span>Cuando se trata de trabajos de\u00a0<\/span><strong>carpinter\u00eda met\u00e1lica y de aluminio<\/strong><span>, \u00a1somos los indicados!<\/span><\/p>\n<p><span>\u00a1Estamos situados en\u00a0<\/span><strong>Figueres<\/strong><span>!<\/span><\/p>\n<p>[\/et_pb_text][\/et_pb_column][et_pb_column type=\u00bb1_2&#8243; _builder_version=\u00bb4.1&#8243;][et_pb_image src=\u00bbhttps:\/\/www.metal-listeriamiquel.es\/wp-content\/uploads\/2020\/02\/22271-metal-listeria-miquel-persianas-en-una-casa.png\u00bb align=\u00bbcenter\u00bb _builder_version=\u00bb4.1&#8243; custom_padding=\u00bb50px|||||\u00bb][\/et_pb_image][\/et_pb_column][\/et_pb_row][et_pb_row column_structure=\u00bb1_3,1_3,1_3&#8243; _builder_version=\u00bb4.3.4&#8243; custom_margin=\u00bb50px|auto||auto||\u00bb custom_padding=\u00bb50px|||||\u00bb border_color_all=\u00bbrgba(0,0,0,0)\u00bb border_style_all=\u00bbdouble\u00bb border_width_top=\u00bb6px\u00bb border_color_top=\u00bb#1B4B9D\u00bb border_style_top=\u00bbdouble\u00bb locked=\u00bboff\u00bb][et_pb_column type=\u00bb1_3&#8243; _builder_version=\u00bb4.3.4&#8243;][et_pb_text _builder_version=\u00bb4.3.4&#8243; text_font=\u00bbAmiko||||||||\u00bb text_text_color=\u00bb#1B4B9D\u00bb text_font_size=\u00bb26px\u00bb text_line_height=\u00bb1.8em\u00bb custom_margin=\u00bb||25px|||\u00bb hover_enabled=\u00bb0&#8243;]<\/p>\n<p><strong>Carpinteria de acero<\/strong><\/p>\n<p>[\/et_pb_text][et_pb_image src=\u00bbhttps:\/\/www.metal-listeriamiquel.es\/wp-content\/uploads\/2020\/04\/Logo-Jansteel-300&#215;128.jpg\u00bb _builder_version=\u00bb4.3.4&#8243; hover_enabled=\u00bb0&#8243;][\/et_pb_image][\/et_pb_column][et_pb_column type=\u00bb1_3&#8243; _builder_version=\u00bb4.3.4&#8243;][et_pb_text _builder_version=\u00bb4.3.4&#8243; text_font=\u00bbAmiko||||||||\u00bb text_text_color=\u00bb#1B4B9D\u00bb text_font_size=\u00bb26px\u00bb text_line_height=\u00bb1.8em\u00bb custom_margin=\u00bb||25px|||\u00bb hover_enabled=\u00bb0&#8243;]<\/p>\n<p><strong>Carpinteria de aluminio<\/strong><\/p>\n<p>[\/et_pb_text][et_pb_image src=\u00bbhttps:\/\/www.metal-listeriamiquel.es\/wp-content\/uploads\/2020\/04\/LOGO-AT-HORIZONTAL-300&#215;147.jpg\u00bb _builder_version=\u00bb4.3.4&#8243;][\/et_pb_image][\/et_pb_column][et_pb_column type=\u00bb1_3&#8243; _builder_version=\u00bb4.3.4&#8243;][et_pb_text _builder_version=\u00bb4.3.4&#8243; text_font=\u00bbAmiko||||||||\u00bb text_text_color=\u00bb#1B4B9D\u00bb text_font_size=\u00bb26px\u00bb text_line_height=\u00bb1.8em\u00bb custom_margin=\u00bb||25px|||\u00bb hover_enabled=\u00bb0&#8243;]<\/p>\n<p><strong>Otros servicios de cerramientos<\/strong><\/p>\n<p>[\/et_pb_text][et_pb_text _builder_version=\u00bb4.3.4&#8243; text_font_size=\u00bb18px\u00bb text_line_height=\u00bb1.8em\u00bb hover_enabled=\u00bb0&#8243;]<\/p>\n<p style=\"text-align: left;\">Persianas, mosquiteras, mamparas y cerramientos de vidrio<\/p>\n<p>[\/et_pb_text][\/et_pb_column][\/et_pb_row][\/et_pb_section]<\/p>\n","protected":false},"excerpt":{"rendered":"<p>Carpinter\u00eda met\u00e1licaUna de las mejores opciones en carpinter\u00eda met\u00e1lica en FigueresNuestra empresaSomos\u00a0Metal\u2219listeria Miquel, una empresa de s\u00f3lida experiencia en\u00a0carpinter\u00eda met\u00e1lica y de aluminio\u00a0donde cada trabajo que realizamos cuenta con el sello de garant\u00eda y calidad que solo nosotros podemos ofrecerte. Es hora de que elijas una empresa seria y responsable como la nuestra que, adem\u00e1s, [&hellip;]<\/p>\n","protected":false},"author":1,"featured_media":93,"parent":0,"menu_order":0,"comment_status":"closed","ping_status":"closed","template":"","meta":{"_et_pb_use_builder":"on","_et_pb_old_content":"","_et_gb_content_width":"","footnotes":""},"class_list":["post-90","page","type-page","status-publish","has-post-thumbnail","hentry"],"yoast_head":"<!-- This site is optimized with the Yoast SEO plugin v27.2 - https:\/\/yoast.com\/product\/yoast-seo-wordpress\/ -->\n<title>Carpinter\u00eda met\u00e1lica - Metal\u00b7listeria Miquel<\/title>\n<meta name=\"description\" content=\"Es hora de que elijas una empresa seria y responsable como la nuestra que, adem\u00e1s, cuenta con el reconocimiento de su clientela.\" \/>\n<meta name=\"robots\" content=\"index, follow, max-snippet:-1, max-image-preview:large, max-video-preview:-1\" \/>\n<link rel=\"canonical\" href=\"https:\/\/www.metal-listeriamiquel.es\/es\/carpinteria-metalica\/\" \/>\n<meta property=\"og:locale\" content=\"es_ES\" \/>\n<meta property=\"og:type\" content=\"article\" \/>\n<meta property=\"og:title\" content=\"Carpinter\u00eda met\u00e1lica - Metal\u00b7listeria Miquel\" \/>\n<meta property=\"og:description\" content=\"Es hora de que elijas una empresa seria y responsable como la nuestra que, adem\u00e1s, cuenta con el reconocimiento de su clientela.\" \/>\n<meta property=\"og:url\" content=\"https:\/\/www.metal-listeriamiquel.es\/es\/carpinteria-metalica\/\" \/>\n<meta property=\"og:site_name\" content=\"Metal\u00b7listeria Miquel\" \/>\n<meta property=\"article:modified_time\" content=\"2021-04-25T17:44:59+00:00\" \/>\n<meta property=\"og:image\" content=\"https:\/\/www.metal-listeriamiquel.es\/wp-content\/uploads\/2020\/02\/22271-metal-listeria-miquel-persianas-en-una-casa.png\" \/>\n\t<meta property=\"og:image:width\" content=\"319\" \/>\n\t<meta property=\"og:image:height\" content=\"365\" \/>\n\t<meta property=\"og:image:type\" content=\"image\/png\" \/>\n<meta name=\"twitter:card\" content=\"summary_large_image\" \/>\n<meta name=\"twitter:label1\" content=\"Tiempo de lectura\" \/>\n\t<meta name=\"twitter:data1\" content=\"3 minutos\" \/>\n<script type=\"application\/ld+json\" class=\"yoast-schema-graph\">{\"@context\":\"https:\/\/schema.org\",\"@graph\":[{\"@type\":\"WebPage\",\"@id\":\"https:\/\/www.metal-listeriamiquel.es\/es\/carpinteria-metalica\/\",\"url\":\"https:\/\/www.metal-listeriamiquel.es\/es\/carpinteria-metalica\/\",\"name\":\"Carpinter\u00eda met\u00e1lica - Metal\u00b7listeria Miquel\",\"isPartOf\":{\"@id\":\"https:\/\/www.metal-listeriamiquel.es\/es\/#website\"},\"primaryImageOfPage\":{\"@id\":\"https:\/\/www.metal-listeriamiquel.es\/es\/carpinteria-metalica\/#primaryimage\"},\"image\":{\"@id\":\"https:\/\/www.metal-listeriamiquel.es\/es\/carpinteria-metalica\/#primaryimage\"},\"thumbnailUrl\":\"https:\/\/www.metal-listeriamiquel.es\/wp-content\/uploads\/2020\/02\/22271-metal-listeria-miquel-persianas-en-una-casa.png\",\"datePublished\":\"2020-02-11T20:40:37+00:00\",\"dateModified\":\"2021-04-25T17:44:59+00:00\",\"description\":\"Es hora de que elijas una empresa seria y responsable como la nuestra que, adem\u00e1s, cuenta con el reconocimiento de su clientela.\",\"breadcrumb\":{\"@id\":\"https:\/\/www.metal-listeriamiquel.es\/es\/carpinteria-metalica\/#breadcrumb\"},\"inLanguage\":\"es\",\"potentialAction\":[{\"@type\":\"ReadAction\",\"target\":[\"https:\/\/www.metal-listeriamiquel.es\/es\/carpinteria-metalica\/\"]}]},{\"@type\":\"ImageObject\",\"inLanguage\":\"es\",\"@id\":\"https:\/\/www.metal-listeriamiquel.es\/es\/carpinteria-metalica\/#primaryimage\",\"url\":\"https:\/\/www.metal-listeriamiquel.es\/wp-content\/uploads\/2020\/02\/22271-metal-listeria-miquel-persianas-en-una-casa.png\",\"contentUrl\":\"https:\/\/www.metal-listeriamiquel.es\/wp-content\/uploads\/2020\/02\/22271-metal-listeria-miquel-persianas-en-una-casa.png\",\"width\":319,\"height\":365,\"caption\":\"metal-listeria-miquel-persianas-en-una-casa\"},{\"@type\":\"BreadcrumbList\",\"@id\":\"https:\/\/www.metal-listeriamiquel.es\/es\/carpinteria-metalica\/#breadcrumb\",\"itemListElement\":[{\"@type\":\"ListItem\",\"position\":1,\"name\":\"Inici\",\"item\":\"https:\/\/www.metal-listeriamiquel.es\/es\/\"},{\"@type\":\"ListItem\",\"position\":2,\"name\":\"Carpinter\u00eda met\u00e1lica\"}]},{\"@type\":\"WebSite\",\"@id\":\"https:\/\/www.metal-listeriamiquel.es\/es\/#website\",\"url\":\"https:\/\/www.metal-listeriamiquel.es\/es\/\",\"name\":\"Metal\u00b7listeria Miquel\",\"description\":\"Fusteria met\u00e0l\u00b7lica i d&#039;alumini a Figueres\",\"publisher\":{\"@id\":\"https:\/\/www.metal-listeriamiquel.es\/es\/#organization\"},\"potentialAction\":[{\"@type\":\"SearchAction\",\"target\":{\"@type\":\"EntryPoint\",\"urlTemplate\":\"https:\/\/www.metal-listeriamiquel.es\/es\/?s={search_term_string}\"},\"query-input\":{\"@type\":\"PropertyValueSpecification\",\"valueRequired\":true,\"valueName\":\"search_term_string\"}}],\"inLanguage\":\"es\"},{\"@type\":\"Organization\",\"@id\":\"https:\/\/www.metal-listeriamiquel.es\/es\/#organization\",\"name\":\"Metal\u00b7listeria Miquel\",\"url\":\"https:\/\/www.metal-listeriamiquel.es\/es\/\",\"logo\":{\"@type\":\"ImageObject\",\"inLanguage\":\"es\",\"@id\":\"https:\/\/www.metal-listeriamiquel.es\/es\/#\/schema\/logo\/image\/\",\"url\":\"https:\/\/www.metal-listeriamiquel.es\/wp-content\/uploads\/2020\/04\/metmiquellogo.png\",\"contentUrl\":\"https:\/\/www.metal-listeriamiquel.es\/wp-content\/uploads\/2020\/04\/metmiquellogo.png\",\"width\":500,\"height\":80,\"caption\":\"Metal\u00b7listeria Miquel\"},\"image\":{\"@id\":\"https:\/\/www.metal-listeriamiquel.es\/es\/#\/schema\/logo\/image\/\"}}]}<\/script>\n<!-- \/ Yoast SEO plugin. -->","yoast_head_json":{"title":"Carpinter\u00eda met\u00e1lica - Metal\u00b7listeria Miquel","description":"Es hora de que elijas una empresa seria y responsable como la nuestra que, adem\u00e1s, cuenta con el reconocimiento de su clientela.","robots":{"index":"index","follow":"follow","max-snippet":"max-snippet:-1","max-image-preview":"max-image-preview:large","max-video-preview":"max-video-preview:-1"},"canonical":"https:\/\/www.metal-listeriamiquel.es\/es\/carpinteria-metalica\/","og_locale":"es_ES","og_type":"article","og_title":"Carpinter\u00eda met\u00e1lica - Metal\u00b7listeria Miquel","og_description":"Es hora de que elijas una empresa seria y responsable como la nuestra que, adem\u00e1s, cuenta con el reconocimiento de su clientela.","og_url":"https:\/\/www.metal-listeriamiquel.es\/es\/carpinteria-metalica\/","og_site_name":"Metal\u00b7listeria Miquel","article_modified_time":"2021-04-25T17:44:59+00:00","og_image":[{"width":319,"height":365,"url":"https:\/\/www.metal-listeriamiquel.es\/wp-content\/uploads\/2020\/02\/22271-metal-listeria-miquel-persianas-en-una-casa.png","type":"image\/png"}],"twitter_card":"summary_large_image","twitter_misc":{"Tiempo de lectura":"3 minutos"},"schema":{"@context":"https:\/\/schema.org","@graph":[{"@type":"WebPage","@id":"https:\/\/www.metal-listeriamiquel.es\/es\/carpinteria-metalica\/","url":"https:\/\/www.metal-listeriamiquel.es\/es\/carpinteria-metalica\/","name":"Carpinter\u00eda met\u00e1lica - Metal\u00b7listeria Miquel","isPartOf":{"@id":"https:\/\/www.metal-listeriamiquel.es\/es\/#website"},"primaryImageOfPage":{"@id":"https:\/\/www.metal-listeriamiquel.es\/es\/carpinteria-metalica\/#primaryimage"},"image":{"@id":"https:\/\/www.metal-listeriamiquel.es\/es\/carpinteria-metalica\/#primaryimage"},"thumbnailUrl":"https:\/\/www.metal-listeriamiquel.es\/wp-content\/uploads\/2020\/02\/22271-metal-listeria-miquel-persianas-en-una-casa.png","datePublished":"2020-02-11T20:40:37+00:00","dateModified":"2021-04-25T17:44:59+00:00","description":"Es hora de que elijas una empresa seria y responsable como la nuestra que, adem\u00e1s, cuenta con el reconocimiento de su clientela.","breadcrumb":{"@id":"https:\/\/www.metal-listeriamiquel.es\/es\/carpinteria-metalica\/#breadcrumb"},"inLanguage":"es","potentialAction":[{"@type":"ReadAction","target":["https:\/\/www.metal-listeriamiquel.es\/es\/carpinteria-metalica\/"]}]},{"@type":"ImageObject","inLanguage":"es","@id":"https:\/\/www.metal-listeriamiquel.es\/es\/carpinteria-metalica\/#primaryimage","url":"https:\/\/www.metal-listeriamiquel.es\/wp-content\/uploads\/2020\/02\/22271-metal-listeria-miquel-persianas-en-una-casa.png","contentUrl":"https:\/\/www.metal-listeriamiquel.es\/wp-content\/uploads\/2020\/02\/22271-metal-listeria-miquel-persianas-en-una-casa.png","width":319,"height":365,"caption":"metal-listeria-miquel-persianas-en-una-casa"},{"@type":"BreadcrumbList","@id":"https:\/\/www.metal-listeriamiquel.es\/es\/carpinteria-metalica\/#breadcrumb","itemListElement":[{"@type":"ListItem","position":1,"name":"Inici","item":"https:\/\/www.metal-listeriamiquel.es\/es\/"},{"@type":"ListItem","position":2,"name":"Carpinter\u00eda met\u00e1lica"}]},{"@type":"WebSite","@id":"https:\/\/www.metal-listeriamiquel.es\/es\/#website","url":"https:\/\/www.metal-listeriamiquel.es\/es\/","name":"Metal\u00b7listeria Miquel","description":"Fusteria met\u00e0l\u00b7lica i d&#039;alumini a Figueres","publisher":{"@id":"https:\/\/www.metal-listeriamiquel.es\/es\/#organization"},"potentialAction":[{"@type":"SearchAction","target":{"@type":"EntryPoint","urlTemplate":"https:\/\/www.metal-listeriamiquel.es\/es\/?s={search_term_string}"},"query-input":{"@type":"PropertyValueSpecification","valueRequired":true,"valueName":"search_term_string"}}],"inLanguage":"es"},{"@type":"Organization","@id":"https:\/\/www.metal-listeriamiquel.es\/es\/#organization","name":"Metal\u00b7listeria Miquel","url":"https:\/\/www.metal-listeriamiquel.es\/es\/","logo":{"@type":"ImageObject","inLanguage":"es","@id":"https:\/\/www.metal-listeriamiquel.es\/es\/#\/schema\/logo\/image\/","url":"https:\/\/www.metal-listeriamiquel.es\/wp-content\/uploads\/2020\/04\/metmiquellogo.png","contentUrl":"https:\/\/www.metal-listeriamiquel.es\/wp-content\/uploads\/2020\/04\/metmiquellogo.png","width":500,"height":80,"caption":"Metal\u00b7listeria Miquel"},"image":{"@id":"https:\/\/www.metal-listeriamiquel.es\/es\/#\/schema\/logo\/image\/"}}]}},"_links":{"self":[{"href":"https:\/\/www.metal-listeriamiquel.es\/es\/wp-json\/wp\/v2\/pages\/90","targetHints":{"allow":["GET"]}}],"collection":[{"href":"https:\/\/www.metal-listeriamiquel.es\/es\/wp-json\/wp\/v2\/pages"}],"about":[{"href":"https:\/\/www.metal-listeriamiquel.es\/es\/wp-json\/wp\/v2\/types\/page"}],"author":[{"embeddable":true,"href":"https:\/\/www.metal-listeriamiquel.es\/es\/wp-json\/wp\/v2\/users\/1"}],"replies":[{"embeddable":true,"href":"https:\/\/www.metal-listeriamiquel.es\/es\/wp-json\/wp\/v2\/comments?post=90"}],"version-history":[{"count":13,"href":"https:\/\/www.metal-listeriamiquel.es\/es\/wp-json\/wp\/v2\/pages\/90\/revisions"}],"predecessor-version":[{"id":381,"href":"https:\/\/www.metal-listeriamiquel.es\/es\/wp-json\/wp\/v2\/pages\/90\/revisions\/381"}],"wp:featuredmedia":[{"embeddable":true,"href":"https:\/\/www.metal-listeriamiquel.es\/es\/wp-json\/wp\/v2\/media\/93"}],"wp:attachment":[{"href":"https:\/\/www.metal-listeriamiquel.es\/es\/wp-json\/wp\/v2\/media?parent=90"}],"curies":[{"name":"wp","href":"https:\/\/api.w.org\/{rel}","templated":true}]}}