{"id":23,"date":"2020-02-11T18:51:09","date_gmt":"2020-02-11T18:51:09","guid":{"rendered":"https:\/\/www.metal-listeriamiquel.es\/?page_id=23"},"modified":"2021-04-25T17:51:30","modified_gmt":"2021-04-25T17:51:30","slug":"home","status":"publish","type":"page","link":"https:\/\/www.metal-listeriamiquel.es\/es\/","title":{"rendered":"Home"},"content":{"rendered":"<p>[et_pb_section fb_built=\u00bb1&#8243; _builder_version=\u00bb4.1&#8243; background_image=\u00bbhttps:\/\/www.metal-listeriamiquel.es\/wp-content\/uploads\/2020\/02\/metmiquel-banner.png\u00bb min_height=\u00bb331px\u00bb custom_margin=\u00bb||-181px|||\u00bb custom_padding=\u00bb80px||0px|||\u00bb][et_pb_row _builder_version=\u00bb4.1&#8243; custom_margin=\u00bb|auto|-15px|auto||\u00bb custom_padding=\u00bb0px|||||\u00bb animation_style=\u00bbflip\u00bb][et_pb_column type=\u00bb4_4&#8243; _builder_version=\u00bb4.1&#8243;][et_pb_text _builder_version=\u00bb4.1&#8243; text_font=\u00bbAmiko||||||||\u00bb text_text_color=\u00bb#ffffff\u00bb text_font_size=\u00bb55px\u00bb text_line_height=\u00bb1.8em\u00bb text_orientation=\u00bbcenter\u00bb background_layout=\u00bbdark\u00bb custom_padding=\u00bb0px||0px|||\u00bb text_text_shadow_style=\u00bbpreset1&#8243;]<\/p>\n<p>Dando vida a tus proyectos<\/p>\n<p>[\/et_pb_text][\/et_pb_column][\/et_pb_row][\/et_pb_section][et_pb_section fb_built=\u00bb1&#8243; _builder_version=\u00bb4.1&#8243; min_height=\u00bb72px\u00bb custom_margin=\u00bb175px|||||\u00bb custom_padding=\u00bb47px|||||\u00bb][et_pb_row _builder_version=\u00bb4.1&#8243; custom_margin=\u00bb-22px|auto||auto||\u00bb][et_pb_column type=\u00bb4_4&#8243; _builder_version=\u00bb4.1&#8243;][et_pb_text _builder_version=\u00bb4.1&#8243; text_font=\u00bbAmiko||||||||\u00bb text_text_color=\u00bb#1b4b9d\u00bb text_font_size=\u00bb30px\u00bb text_line_height=\u00bb1.8em\u00bb]<\/p>\n<p style=\"text-align: center;\"><strong>Empresa de carpinteria met\u00e1lica y aluminio en Figueres<\/strong><\/p>\n<p>[\/et_pb_text][\/et_pb_column][\/et_pb_row][et_pb_row _builder_version=\u00bb4.1&#8243;][et_pb_column type=\u00bb4_4&#8243; _builder_version=\u00bb4.1&#8243;][et_pb_text _builder_version=\u00bb4.3.4&#8243; text_font_size=\u00bb22px\u00bb text_line_height=\u00bb1.8em\u00bb hover_enabled=\u00bb0&#8243;]<\/p>\n<p style=\"text-align: center;\"><span><strong>Metal\u2219listeria Miquel<\/strong>, una\u00a0empresa ubicada en Figueres dedicada a la fabricaci\u00f3n de\u00a0<strong>carpinter\u00eda met\u00e1lica, elementos de cerrajeria y automatismos<\/strong>. Ofrecemos productos de alta calidad y una gran experiencia en el sector. Trabajamos en equipo para dar solucion a los proyectos de nuestros clientes, arquitectos, promotores o particulares.<\/span><\/p>\n<p>[\/et_pb_text][\/et_pb_column][\/et_pb_row][et_pb_row column_structure=\u00bb1_3,1_3,1_3&#8243; _builder_version=\u00bb4.1&#8243; custom_padding=\u00bb100px|||||\u00bb][et_pb_column type=\u00bb1_3&#8243; _builder_version=\u00bb4.1&#8243;][et_pb_image src=\u00bbhttps:\/\/www.metal-listeriamiquel.es\/wp-content\/uploads\/2020\/02\/eines.png\u00bb align=\u00bbcenter\u00bb _builder_version=\u00bb4.3.4&#8243; custom_margin=\u00bb||||false|false\u00bb][\/et_pb_image][et_pb_text _builder_version=\u00bb4.3.4&#8243; text_font=\u00bbAmiko||||||||\u00bb text_text_color=\u00bb#1b4b9d\u00bb text_font_size=\u00bb23px\u00bb custom_margin=\u00bb||||false|false\u00bb custom_padding=\u00bb||||false|false\u00bb]<\/p>\n<p style=\"text-align: center;\"><span><strong>Carpinteria\u00a0 met\u00e1lica<\/strong><\/span><\/p>\n<p>[\/et_pb_text][et_pb_divider divider_style=\u00bbdouble\u00bb divider_weight=\u00bb6px\u00bb _builder_version=\u00bb4.3.4&#8243; custom_margin=\u00bb||||false|false\u00bb custom_padding=\u00bb||0px|||\u00bb][\/et_pb_divider][et_pb_text _builder_version=\u00bb4.3.4&#8243; text_font_size=\u00bb18px\u00bb text_line_height=\u00bb1.8em\u00bb]<\/p>\n<p style=\"text-align: center;\"><span>Cerramientos de aluminio y acero<\/span><\/p>\n<p>[\/et_pb_text][\/et_pb_column][et_pb_column type=\u00bb1_3&#8243; _builder_version=\u00bb4.1&#8243;][et_pb_image src=\u00bbhttps:\/\/www.metal-listeriamiquel.es\/wp-content\/uploads\/2020\/02\/claus.png\u00bb align=\u00bbcenter\u00bb _builder_version=\u00bb4.3.4&#8243; custom_margin=\u00bb||||false|false\u00bb][\/et_pb_image][et_pb_text _builder_version=\u00bb4.3.4&#8243; text_font=\u00bbAmiko||||||||\u00bb text_text_color=\u00bb#1b4b9d\u00bb text_font_size=\u00bb23px\u00bb custom_margin=\u00bb||||false|false\u00bb custom_padding=\u00bb||||false|false\u00bb]<\/p>\n<p style=\"text-align: center;\"><b>Cerrajeria<\/b><\/p>\n<p>[\/et_pb_text][et_pb_divider divider_style=\u00bbdouble\u00bb divider_weight=\u00bb6px\u00bb _builder_version=\u00bb4.3.4&#8243; custom_margin=\u00bb||||false|false\u00bb custom_padding=\u00bb||||false|false\u00bb][\/et_pb_divider][et_pb_text _builder_version=\u00bb4.3.4&#8243; text_font_size=\u00bb18px\u00bb text_line_height=\u00bb1.8em\u00bb]<\/p>\n<p style=\"text-align: center;\"><span>Elementos en acero para el sector residencia, industrial y hostelero<\/span><\/p>\n<p>[\/et_pb_text][\/et_pb_column][et_pb_column type=\u00bb1_3&#8243; _builder_version=\u00bb4.1&#8243;][et_pb_image src=\u00bbhttps:\/\/www.metal-listeriamiquel.es\/wp-content\/uploads\/2020\/02\/taladro.png\u00bb align=\u00bbcenter\u00bb _builder_version=\u00bb4.3.4&#8243; custom_margin=\u00bb||||false|false\u00bb][\/et_pb_image][et_pb_text _builder_version=\u00bb4.3.4&#8243; text_font=\u00bbAmiko||||||||\u00bb text_text_color=\u00bb#1b4b9d\u00bb text_font_size=\u00bb23px\u00bb custom_margin=\u00bb||||false|false\u00bb custom_padding=\u00bb||||false|false\u00bb]<\/p>\n<p style=\"text-align: center;\"><b>Automatismos<\/b><\/p>\n<p>[\/et_pb_text][et_pb_divider divider_style=\u00bbdouble\u00bb divider_weight=\u00bb6px\u00bb _builder_version=\u00bb4.3.4&#8243; custom_margin=\u00bb||||false|false\u00bb custom_padding=\u00bb||||false|false\u00bb][\/et_pb_divider][et_pb_text _builder_version=\u00bb4.3.4&#8243; text_font_size=\u00bb18px\u00bb text_line_height=\u00bb1.8em\u00bb]<\/p>\n<div style=\"text-align: center;\">Mecanismos para todo tipo de puertas<\/div>\n<p>[\/et_pb_text][\/et_pb_column][\/et_pb_row][\/et_pb_section][et_pb_section fb_built=\u00bb1&#8243; _builder_version=\u00bb4.1&#8243;][et_pb_row column_structure=\u00bb1_2,1_2&#8243; _builder_version=\u00bb4.1&#8243;][et_pb_column type=\u00bb1_2&#8243; _builder_version=\u00bb4.1&#8243;][et_pb_code _builder_version=\u00bb4.1&#8243;]<iframe loading=\"lazy\" src=\"https:\/\/www.google.com\/maps\/embed?pb=!1m14!1m8!1m3!1d11810.377261769278!2d2.980168!3d42.2658353!3m2!1i1024!2i768!4f13.1!3m3!1m2!1s0x0%3A0x87da718c07ea5fe7!2sMetal%C2%B7listeria%20Miquel!5e0!3m2!1ses!2ses!4v1581451246769!5m2!1ses!2ses\" width=\"600\" height=\"450\" frameborder=\"0\" style=\"border:0;\" allowfullscreen=\"\"><\/iframe>[\/et_pb_code][\/et_pb_column][et_pb_column type=\u00bb1_2&#8243; _builder_version=\u00bb4.1&#8243;][et_pb_text _builder_version=\u00bb4.1&#8243; text_font=\u00bbAmiko||||||||\u00bb text_text_color=\u00bb#1b4b9d\u00bb text_font_size=\u00bb30px\u00bb]<\/p>\n<p><strong>Ubicaci\u00f3n<\/strong><\/p>\n<p>[\/et_pb_text][et_pb_text _builder_version=\u00bb4.1&#8243; text_font_size=\u00bb18px\u00bb text_line_height=\u00bb1.8em\u00bb]<\/p>\n<p><span>Atenderemos con la mayor brevedad posible todas las consultas que quieras realizar sobre nuestros servicios de carpinter\u00eda met\u00e1lica. \u00a1Ll\u00e1manos ya!<\/span><\/p>\n<p>[\/et_pb_text][et_pb_text _builder_version=\u00bb4.3.4&#8243; text_font=\u00bb||||||||\u00bb text_font_size=\u00bb18px\u00bb text_line_height=\u00bb1.8em\u00bb]<\/p>\n<div><strong>Direcci\u00f3n:<\/strong> Calle Gran Bretanya, 9 Recinto Ferial FIGUERES (Girona) 17600<\/div>\n<div><strong>Tel\u00e9fono: <\/strong>972 509 609<\/div>\n<div><strong>M\u00f3vil: <\/strong>678 517 909<\/div>\n<div><strong>Fax:\u00a0<\/strong>972 503 679<\/div>\n<div><strong>E-mail:\u00a0<\/strong><a href=\"mailto:miquel@metmiquel.com\" data-cke-saved-href=\"mailto:miquel@metmiquel.com\">miquel@metmiquel.com<\/a><\/div>\n<p>[\/et_pb_text][\/et_pb_column][\/et_pb_row][\/et_pb_section][et_pb_section fb_built=\u00bb1&#8243; _builder_version=\u00bb4.1&#8243; custom_padding=\u00bb||100px|||\u00bb][et_pb_row column_structure=\u00bb1_2,1_2&#8243; _builder_version=\u00bb4.1&#8243; background_color=\u00bb#DAE7F5&#8243; custom_padding=\u00bb33px|28px|44px|||\u00bb][et_pb_column type=\u00bb1_2&#8243; _builder_version=\u00bb4.1&#8243;][et_pb_image src=\u00bbhttps:\/\/www.metal-listeriamiquel.es\/wp-content\/uploads\/2020\/02\/21977-tubos-metalicos.png\u00bb _builder_version=\u00bb4.1&#8243; background_color=\u00bb#DAE7F5&#8243;][\/et_pb_image][\/et_pb_column][et_pb_column type=\u00bb1_2&#8243; _builder_version=\u00bb4.1&#8243;][et_pb_text _builder_version=\u00bb4.1&#8243; text_font=\u00bbAmiko||||||||\u00bb text_text_color=\u00bb#1B4B9D\u00bb text_font_size=\u00bb22px\u00bb text_line_height=\u00bb1.8em\u00bb custom_margin=\u00bb||32px|||\u00bb custom_padding=\u00bb3px|||29px||\u00bb]<\/p>\n<p style=\"text-align: center;\"><span><strong class=\"\"><span class=\"\">Trabajamos con el m\u00e1ximo desempe\u00f1o posible. Vis\u00edtenos en:<\/span><\/strong><\/span><\/p>\n<p>[\/et_pb_text][et_pb_text _builder_version=\u00bb4.1&#8243; text_font=\u00bbActor||||||||\u00bb text_font_size=\u00bb30px\u00bb text_line_height=\u00bb1.8em\u00bb custom_margin=\u00bb|||22px||\u00bb custom_padding=\u00bb|||30px||\u00bb]<\/p>\n<p style=\"text-align: center;\"><span><strong>Calle Gran Bretanya 9, Figueres (Girona)<\/strong><\/span><\/p>\n<p>[\/et_pb_text][\/et_pb_column][\/et_pb_row][\/et_pb_section]<\/p>\n","protected":false},"excerpt":{"rendered":"<p>Dando vida a tus proyectosEmpresa de carpinteria met\u00e1lica y aluminio en FigueresMetal\u2219listeria Miquel, una\u00a0empresa ubicada en Figueres dedicada a la fabricaci\u00f3n de\u00a0carpinter\u00eda met\u00e1lica, elementos de cerrajeria y automatismos. Ofrecemos productos de alta calidad y una gran experiencia en el sector. Trabajamos en equipo para dar solucion a los proyectos de nuestros clientes, arquitectos, promotores o [&hellip;]<\/p>\n","protected":false},"author":1,"featured_media":0,"parent":0,"menu_order":0,"comment_status":"closed","ping_status":"closed","template":"","meta":{"_et_pb_use_builder":"on","_et_pb_old_content":"","_et_gb_content_width":"","footnotes":""},"class_list":["post-23","page","type-page","status-publish","hentry"],"yoast_head":"<!-- This site is optimized with the Yoast SEO plugin v27.2 - https:\/\/yoast.com\/product\/yoast-seo-wordpress\/ -->\n<title>Home - Metal\u00b7listeria Miquel<\/title>\n<meta name=\"robots\" content=\"index, follow, max-snippet:-1, max-image-preview:large, max-video-preview:-1\" \/>\n<link rel=\"canonical\" href=\"https:\/\/www.metal-listeriamiquel.es\/es\/\" \/>\n<meta property=\"og:locale\" content=\"es_ES\" \/>\n<meta property=\"og:type\" content=\"article\" \/>\n<meta property=\"og:title\" content=\"Home - Metal\u00b7listeria Miquel\" \/>\n<meta property=\"og:description\" content=\"Dando vida a tus proyectosEmpresa de carpinteria met\u00e1lica y aluminio en FigueresMetal\u2219listeria Miquel, una\u00a0empresa ubicada en Figueres dedicada a la fabricaci\u00f3n de\u00a0carpinter\u00eda met\u00e1lica, elementos de cerrajeria y automatismos. Ofrecemos productos de alta calidad y una gran experiencia en el sector. Trabajamos en equipo para dar solucion a los proyectos de nuestros clientes, arquitectos, promotores o [&hellip;]\" \/>\n<meta property=\"og:url\" content=\"https:\/\/www.metal-listeriamiquel.es\/es\/\" \/>\n<meta property=\"og:site_name\" content=\"Metal\u00b7listeria Miquel\" \/>\n<meta property=\"article:modified_time\" content=\"2021-04-25T17:51:30+00:00\" \/>\n<meta name=\"twitter:card\" content=\"summary_large_image\" \/>\n<meta name=\"twitter:label1\" content=\"Tiempo de lectura\" \/>\n\t<meta name=\"twitter:data1\" content=\"4 minutos\" \/>\n<script type=\"application\/ld+json\" class=\"yoast-schema-graph\">{\"@context\":\"https:\/\/schema.org\",\"@graph\":[{\"@type\":\"WebPage\",\"@id\":\"https:\/\/www.metal-listeriamiquel.es\/es\/\",\"url\":\"https:\/\/www.metal-listeriamiquel.es\/es\/\",\"name\":\"Home - Metal\u00b7listeria Miquel\",\"isPartOf\":{\"@id\":\"https:\/\/www.metal-listeriamiquel.es\/es\/#website\"},\"datePublished\":\"2020-02-11T18:51:09+00:00\",\"dateModified\":\"2021-04-25T17:51:30+00:00\",\"breadcrumb\":{\"@id\":\"https:\/\/www.metal-listeriamiquel.es\/es\/#breadcrumb\"},\"inLanguage\":\"es\",\"potentialAction\":[{\"@type\":\"ReadAction\",\"target\":[\"https:\/\/www.metal-listeriamiquel.es\/es\/\"]}]},{\"@type\":\"BreadcrumbList\",\"@id\":\"https:\/\/www.metal-listeriamiquel.es\/es\/#breadcrumb\",\"itemListElement\":[{\"@type\":\"ListItem\",\"position\":1,\"name\":\"Inici\",\"item\":\"https:\/\/www.metal-listeriamiquel.es\/es\/\"},{\"@type\":\"ListItem\",\"position\":2,\"name\":\"Home\"}]},{\"@type\":\"WebSite\",\"@id\":\"https:\/\/www.metal-listeriamiquel.es\/es\/#website\",\"url\":\"https:\/\/www.metal-listeriamiquel.es\/es\/\",\"name\":\"Metal\u00b7listeria Miquel\",\"description\":\"Fusteria met\u00e0l\u00b7lica i d&#039;alumini a Figueres\",\"publisher\":{\"@id\":\"https:\/\/www.metal-listeriamiquel.es\/es\/#organization\"},\"potentialAction\":[{\"@type\":\"SearchAction\",\"target\":{\"@type\":\"EntryPoint\",\"urlTemplate\":\"https:\/\/www.metal-listeriamiquel.es\/es\/?s={search_term_string}\"},\"query-input\":{\"@type\":\"PropertyValueSpecification\",\"valueRequired\":true,\"valueName\":\"search_term_string\"}}],\"inLanguage\":\"es\"},{\"@type\":\"Organization\",\"@id\":\"https:\/\/www.metal-listeriamiquel.es\/es\/#organization\",\"name\":\"Metal\u00b7listeria Miquel\",\"url\":\"https:\/\/www.metal-listeriamiquel.es\/es\/\",\"logo\":{\"@type\":\"ImageObject\",\"inLanguage\":\"es\",\"@id\":\"https:\/\/www.metal-listeriamiquel.es\/es\/#\/schema\/logo\/image\/\",\"url\":\"https:\/\/www.metal-listeriamiquel.es\/wp-content\/uploads\/2020\/04\/metmiquellogo.png\",\"contentUrl\":\"https:\/\/www.metal-listeriamiquel.es\/wp-content\/uploads\/2020\/04\/metmiquellogo.png\",\"width\":500,\"height\":80,\"caption\":\"Metal\u00b7listeria Miquel\"},\"image\":{\"@id\":\"https:\/\/www.metal-listeriamiquel.es\/es\/#\/schema\/logo\/image\/\"}}]}<\/script>\n<!-- \/ Yoast SEO plugin. -->","yoast_head_json":{"title":"Home - Metal\u00b7listeria Miquel","robots":{"index":"index","follow":"follow","max-snippet":"max-snippet:-1","max-image-preview":"max-image-preview:large","max-video-preview":"max-video-preview:-1"},"canonical":"https:\/\/www.metal-listeriamiquel.es\/es\/","og_locale":"es_ES","og_type":"article","og_title":"Home - Metal\u00b7listeria Miquel","og_description":"Dando vida a tus proyectosEmpresa de carpinteria met\u00e1lica y aluminio en FigueresMetal\u2219listeria Miquel, una\u00a0empresa ubicada en Figueres dedicada a la fabricaci\u00f3n de\u00a0carpinter\u00eda met\u00e1lica, elementos de cerrajeria y automatismos. Ofrecemos productos de alta calidad y una gran experiencia en el sector. Trabajamos en equipo para dar solucion a los proyectos de nuestros clientes, arquitectos, promotores o [&hellip;]","og_url":"https:\/\/www.metal-listeriamiquel.es\/es\/","og_site_name":"Metal\u00b7listeria Miquel","article_modified_time":"2021-04-25T17:51:30+00:00","twitter_card":"summary_large_image","twitter_misc":{"Tiempo de lectura":"4 minutos"},"schema":{"@context":"https:\/\/schema.org","@graph":[{"@type":"WebPage","@id":"https:\/\/www.metal-listeriamiquel.es\/es\/","url":"https:\/\/www.metal-listeriamiquel.es\/es\/","name":"Home - Metal\u00b7listeria Miquel","isPartOf":{"@id":"https:\/\/www.metal-listeriamiquel.es\/es\/#website"},"datePublished":"2020-02-11T18:51:09+00:00","dateModified":"2021-04-25T17:51:30+00:00","breadcrumb":{"@id":"https:\/\/www.metal-listeriamiquel.es\/es\/#breadcrumb"},"inLanguage":"es","potentialAction":[{"@type":"ReadAction","target":["https:\/\/www.metal-listeriamiquel.es\/es\/"]}]},{"@type":"BreadcrumbList","@id":"https:\/\/www.metal-listeriamiquel.es\/es\/#breadcrumb","itemListElement":[{"@type":"ListItem","position":1,"name":"Inici","item":"https:\/\/www.metal-listeriamiquel.es\/es\/"},{"@type":"ListItem","position":2,"name":"Home"}]},{"@type":"WebSite","@id":"https:\/\/www.metal-listeriamiquel.es\/es\/#website","url":"https:\/\/www.metal-listeriamiquel.es\/es\/","name":"Metal\u00b7listeria Miquel","description":"Fusteria met\u00e0l\u00b7lica i d&#039;alumini a Figueres","publisher":{"@id":"https:\/\/www.metal-listeriamiquel.es\/es\/#organization"},"potentialAction":[{"@type":"SearchAction","target":{"@type":"EntryPoint","urlTemplate":"https:\/\/www.metal-listeriamiquel.es\/es\/?s={search_term_string}"},"query-input":{"@type":"PropertyValueSpecification","valueRequired":true,"valueName":"search_term_string"}}],"inLanguage":"es"},{"@type":"Organization","@id":"https:\/\/www.metal-listeriamiquel.es\/es\/#organization","name":"Metal\u00b7listeria Miquel","url":"https:\/\/www.metal-listeriamiquel.es\/es\/","logo":{"@type":"ImageObject","inLanguage":"es","@id":"https:\/\/www.metal-listeriamiquel.es\/es\/#\/schema\/logo\/image\/","url":"https:\/\/www.metal-listeriamiquel.es\/wp-content\/uploads\/2020\/04\/metmiquellogo.png","contentUrl":"https:\/\/www.metal-listeriamiquel.es\/wp-content\/uploads\/2020\/04\/metmiquellogo.png","width":500,"height":80,"caption":"Metal\u00b7listeria Miquel"},"image":{"@id":"https:\/\/www.metal-listeriamiquel.es\/es\/#\/schema\/logo\/image\/"}}]}},"_links":{"self":[{"href":"https:\/\/www.metal-listeriamiquel.es\/es\/wp-json\/wp\/v2\/pages\/23","targetHints":{"allow":["GET"]}}],"collection":[{"href":"https:\/\/www.metal-listeriamiquel.es\/es\/wp-json\/wp\/v2\/pages"}],"about":[{"href":"https:\/\/www.metal-listeriamiquel.es\/es\/wp-json\/wp\/v2\/types\/page"}],"author":[{"embeddable":true,"href":"https:\/\/www.metal-listeriamiquel.es\/es\/wp-json\/wp\/v2\/users\/1"}],"replies":[{"embeddable":true,"href":"https:\/\/www.metal-listeriamiquel.es\/es\/wp-json\/wp\/v2\/comments?post=23"}],"version-history":[{"count":43,"href":"https:\/\/www.metal-listeriamiquel.es\/es\/wp-json\/wp\/v2\/pages\/23\/revisions"}],"predecessor-version":[{"id":385,"href":"https:\/\/www.metal-listeriamiquel.es\/es\/wp-json\/wp\/v2\/pages\/23\/revisions\/385"}],"wp:attachment":[{"href":"https:\/\/www.metal-listeriamiquel.es\/es\/wp-json\/wp\/v2\/media?parent=23"}],"curies":[{"name":"wp","href":"https:\/\/api.w.org\/{rel}","templated":true}]}}