{"id":135,"date":"2020-02-12T15:19:18","date_gmt":"2020-02-12T15:19:18","guid":{"rendered":"https:\/\/www.metal-listeriamiquel.es\/?page_id=135"},"modified":"2024-10-14T16:29:24","modified_gmt":"2024-10-14T16:29:24","slug":"contacto","status":"publish","type":"page","link":"https:\/\/www.metal-listeriamiquel.es\/es\/contacto\/","title":{"rendered":"Contacto"},"content":{"rendered":"<p>[et_pb_section fb_built=\u00bb1&#8243; _builder_version=\u00bb4.1&#8243; background_image=\u00bbhttps:\/\/www.metal-listeriamiquel.es\/wp-content\/uploads\/2020\/02\/metmiquel-banner.png\u00bb min_height=\u00bb331px\u00bb custom_margin=\u00bb||-177px|||\u00bb custom_padding=\u00bb80px||0px|||\u00bb][et_pb_row _builder_version=\u00bb4.1&#8243; custom_margin=\u00bb|auto|-15px|auto||\u00bb custom_padding=\u00bb0px|||||\u00bb animation_style=\u00bbflip\u00bb][et_pb_column type=\u00bb4_4&#8243; _builder_version=\u00bb4.1&#8243;][et_pb_text _builder_version=\u00bb4.1&#8243; text_font=\u00bbAmiko||||||||\u00bb text_text_color=\u00bb#ffffff\u00bb text_font_size=\u00bb55px\u00bb text_line_height=\u00bb1.8em\u00bb text_orientation=\u00bbcenter\u00bb background_layout=\u00bbdark\u00bb custom_padding=\u00bb0px||0px|||\u00bb text_text_shadow_style=\u00bbpreset1&#8243;]<\/p>\n<p>Instalaciones de aluminio<\/p>\n<p>[\/et_pb_text][\/et_pb_column][\/et_pb_row][\/et_pb_section][et_pb_section fb_built=\u00bb1&#8243; _builder_version=\u00bb4.1&#8243; min_height=\u00bb72px\u00bb custom_margin=\u00bb175px|||||\u00bb custom_padding=\u00bb47px||100px|||\u00bb][et_pb_row _builder_version=\u00bb4.1&#8243; custom_margin=\u00bb-22px|auto||auto||\u00bb][et_pb_column type=\u00bb4_4&#8243; _builder_version=\u00bb4.1&#8243;][et_pb_text _builder_version=\u00bb4.1&#8243; text_font=\u00bbAmiko||||||||\u00bb text_text_color=\u00bb#1b4b9d\u00bb text_font_size=\u00bb30px\u00bb text_line_height=\u00bb1.8em\u00bb]<\/p>\n<p style=\"text-align: center;\"><strong>Excelentes servicios de carpinter\u00eda met\u00e1lica en Figueres<\/strong><\/p>\n<p>[\/et_pb_text][\/et_pb_column][\/et_pb_row][et_pb_row _builder_version=\u00bb4.1&#8243;][et_pb_column type=\u00bb4_4&#8243; _builder_version=\u00bb4.1&#8243;][et_pb_text _builder_version=\u00bb4.1&#8243; text_font=\u00bbAmiko||||||||\u00bb text_text_color=\u00bb#1B4B9D\u00bb text_font_size=\u00bb26px\u00bb text_line_height=\u00bb1.8em\u00bb custom_margin=\u00bb||25px|||\u00bb]<\/p>\n<p><strong>Contacto<\/strong><\/p>\n<p>[\/et_pb_text][et_pb_text _builder_version=\u00bb4.1&#8243; text_font_size=\u00bb18px\u00bb text_line_height=\u00bb1.8em\u00bb custom_margin=\u00bb-2px|||||\u00bb]<\/p>\n<p><span>En\u00a0<\/span><strong>Metal<\/strong><strong>\u2219listeria Miquel<span>\u00a0<\/span><\/strong><span>tenemos experiencia en\u00a0<\/span><strong>servicios de carpinter\u00eda met\u00e1lica<\/strong><span>. Contacta con nosotros para obtener m\u00e1s informaci\u00f3n sobre nuestros\u00a0<\/span><strong>servicios de carpinter\u00eda met\u00e1lica<\/strong><span>.<\/span><\/p>\n<p>[\/et_pb_text][\/et_pb_column][\/et_pb_row][et_pb_row column_structure=\u00bb1_2,1_2&#8243; _builder_version=\u00bb4.1&#8243;][et_pb_column type=\u00bb1_2&#8243; _builder_version=\u00bb4.1&#8243;][et_pb_text _builder_version=\u00bb4.1&#8243; text_font=\u00bbAmiko||||||||\u00bb text_text_color=\u00bb#1B4B9D\u00bb text_font_size=\u00bb26px\u00bb text_line_height=\u00bb1.8em\u00bb custom_margin=\u00bb||25px|||\u00bb]<\/p>\n<p><strong>Ubicaci\u00f3n<\/strong><\/p>\n<p>[\/et_pb_text][et_pb_divider divider_style=\u00bbdouble\u00bb divider_weight=\u00bb6px\u00bb _builder_version=\u00bb4.1&#8243; custom_margin=\u00bb||14px|||\u00bb][\/et_pb_divider][et_pb_text _builder_version=\u00bb4.1&#8243; text_font_size=\u00bb18px\u00bb text_line_height=\u00bb1.8em\u00bb custom_margin=\u00bb-2px|||||\u00bb]<\/p>\n<div>\n<div><span><strong>Direcci\u00f3n:<\/strong><\/span><\/div>\n<div><span>Calle de Gran Bretanya, 9, BAJOS<br \/>FIGUERES (Girona) 17600<br \/><strong>Tel\u00e9fono:\u00a0<\/strong>972 509 609<br \/><strong>M\u00f3vil:\u00a0<\/strong>678 517 909<br \/><strong>Fax:\u00a0<\/strong>972 503 679<\/span><\/div>\n<\/div>\n<div><span><strong>E-mail:\u00a0<\/strong><a data-cke-saved-href=\"mailto:miquel@metmiquel.com\" href=\"mailto:miquel@metmiquel.com\">miquel@metmiquel.com<\/a><\/span><\/div>\n<p>[\/et_pb_text][\/et_pb_column][et_pb_column type=\u00bb1_2&#8243; _builder_version=\u00bb4.1&#8243;][et_pb_text _builder_version=\u00bb4.1&#8243; text_font=\u00bbAmiko||||||||\u00bb text_text_color=\u00bb#1B4B9D\u00bb text_font_size=\u00bb26px\u00bb text_line_height=\u00bb1.8em\u00bb custom_margin=\u00bb||25px|||\u00bb]<\/p>\n<p><strong>Formulario de contacto<\/strong><\/p>\n<p>[\/et_pb_text][et_pb_divider divider_style=\u00bbdouble\u00bb divider_weight=\u00bb6px\u00bb _builder_version=\u00bb4.1&#8243; custom_margin=\u00bb||14px|||\u00bb][\/et_pb_divider][et_pb_text _builder_version=\u00bb4.1&#8243; text_font_size=\u00bb18px\u00bb text_line_height=\u00bb1.8em\u00bb custom_margin=\u00bb-2px|||||\u00bb]<\/p>\n<div>\n<div>Por favor, env\u00edanos tus comentarios<\/div>\n<\/div>\n<p>[\/et_pb_text][et_pb_contact_form captcha=\u00bboff\u00bb email=\u00bbmiquel@metmiquel.com\u00bb success_message=\u00bb\u00a1Gracias por contactar! Nuestro equipo se pondr\u00e1 en contacto contigo lo antes posible.\u00bb submit_button_text=\u00bbEnviar\u00bb _builder_version=\u00bb4.3.4&#8243;][et_pb_contact_field field_id=\u00bbName\u00bb field_title=\u00bbNombre\u00bb _builder_version=\u00bb4.1&#8243; button_text_size__hover_enabled=\u00bboff\u00bb button_one_text_size__hover_enabled=\u00bboff\u00bb button_two_text_size__hover_enabled=\u00bboff\u00bb button_text_color__hover_enabled=\u00bboff\u00bb button_one_text_color__hover_enabled=\u00bboff\u00bb button_two_text_color__hover_enabled=\u00bboff\u00bb button_border_width__hover_enabled=\u00bboff\u00bb button_one_border_width__hover_enabled=\u00bboff\u00bb button_two_border_width__hover_enabled=\u00bboff\u00bb button_border_color__hover_enabled=\u00bboff\u00bb button_one_border_color__hover_enabled=\u00bboff\u00bb button_two_border_color__hover_enabled=\u00bboff\u00bb button_border_radius__hover_enabled=\u00bboff\u00bb button_one_border_radius__hover_enabled=\u00bboff\u00bb button_two_border_radius__hover_enabled=\u00bboff\u00bb button_letter_spacing__hover_enabled=\u00bboff\u00bb button_one_letter_spacing__hover_enabled=\u00bboff\u00bb button_two_letter_spacing__hover_enabled=\u00bboff\u00bb button_bg_color__hover_enabled=\u00bboff\u00bb button_one_bg_color__hover_enabled=\u00bboff\u00bb button_two_bg_color__hover_enabled=\u00bboff\u00bb][\/et_pb_contact_field][et_pb_contact_field field_id=\u00bbEmail\u00bb field_title=\u00bbCorreo electr\u00f3nico\u00bb field_type=\u00bbemail\u00bb _builder_version=\u00bb4.1&#8243; button_text_size__hover_enabled=\u00bboff\u00bb button_one_text_size__hover_enabled=\u00bboff\u00bb button_two_text_size__hover_enabled=\u00bboff\u00bb button_text_color__hover_enabled=\u00bboff\u00bb button_one_text_color__hover_enabled=\u00bboff\u00bb button_two_text_color__hover_enabled=\u00bboff\u00bb button_border_width__hover_enabled=\u00bboff\u00bb button_one_border_width__hover_enabled=\u00bboff\u00bb button_two_border_width__hover_enabled=\u00bboff\u00bb button_border_color__hover_enabled=\u00bboff\u00bb button_one_border_color__hover_enabled=\u00bboff\u00bb button_two_border_color__hover_enabled=\u00bboff\u00bb button_border_radius__hover_enabled=\u00bboff\u00bb button_one_border_radius__hover_enabled=\u00bboff\u00bb button_two_border_radius__hover_enabled=\u00bboff\u00bb button_letter_spacing__hover_enabled=\u00bboff\u00bb button_one_letter_spacing__hover_enabled=\u00bboff\u00bb button_two_letter_spacing__hover_enabled=\u00bboff\u00bb button_bg_color__hover_enabled=\u00bboff\u00bb button_one_bg_color__hover_enabled=\u00bboff\u00bb button_two_bg_color__hover_enabled=\u00bboff\u00bb][\/et_pb_contact_field][et_pb_contact_field field_id=\u00bbTelefono\u00bb field_title=\u00bbTel\u00e9fono\u00bb allowed_symbols=\u00bbnumbers\u00bb required_mark=\u00bboff\u00bb _builder_version=\u00bb4.1&#8243;][\/et_pb_contact_field][et_pb_contact_field field_id=\u00bbEmpresa\u00bb field_title=\u00bbEmpresa\u00bb required_mark=\u00bboff\u00bb _builder_version=\u00bb4.1&#8243;][\/et_pb_contact_field][et_pb_contact_field field_id=\u00bbMessage\u00bb field_title=\u00bbMensaje\u00bb field_type=\u00bbtext\u00bb fullwidth_field=\u00bbon\u00bb _builder_version=\u00bb4.1&#8243; button_text_size__hover_enabled=\u00bboff\u00bb button_one_text_size__hover_enabled=\u00bboff\u00bb button_two_text_size__hover_enabled=\u00bboff\u00bb button_text_color__hover_enabled=\u00bboff\u00bb button_one_text_color__hover_enabled=\u00bboff\u00bb button_two_text_color__hover_enabled=\u00bboff\u00bb button_border_width__hover_enabled=\u00bboff\u00bb button_one_border_width__hover_enabled=\u00bboff\u00bb button_two_border_width__hover_enabled=\u00bboff\u00bb button_border_color__hover_enabled=\u00bboff\u00bb button_one_border_color__hover_enabled=\u00bboff\u00bb button_two_border_color__hover_enabled=\u00bboff\u00bb button_border_radius__hover_enabled=\u00bboff\u00bb button_one_border_radius__hover_enabled=\u00bboff\u00bb button_two_border_radius__hover_enabled=\u00bboff\u00bb button_letter_spacing__hover_enabled=\u00bboff\u00bb button_one_letter_spacing__hover_enabled=\u00bboff\u00bb button_two_letter_spacing__hover_enabled=\u00bboff\u00bb button_bg_color__hover_enabled=\u00bboff\u00bb button_one_bg_color__hover_enabled=\u00bboff\u00bb button_two_bg_color__hover_enabled=\u00bboff\u00bb][\/et_pb_contact_field][et_pb_contact_field field_id=\u00bbProtecci\u00f3n_de_datos_personales\u00bb field_title=\u00bbUtilizaremos sus datos para responder consultas, enviar comunicaciones comerciales y realizar an\u00e1lisis estad\u00edsticos. Para m\u00e1s informaci\u00f3n sobre el tratamiento y sus derechos, consulte la pol\u00edtica de privacidad.\u00bb field_type=\u00bbcheckbox\u00bb checkbox_options=\u00bb%91{%22value%22:%22Acepto el tratamiento de datos para enviar comunicaciones comerciales%22,%22checked%22:0,%22dragID%22:-1}%93&#8243; fullwidth_field=\u00bbon\u00bb _builder_version=\u00bb4.3.4&#8243; _dynamic_attributes=\u00bblink_option_url\u00bb link_option_url=\u00bb@ET-DC@eyJkeW5hbWljIjp0cnVlLCJjb250ZW50IjoicG9zdF9saW5rX3VybF9wYWdlIiwic2V0dGluZ3MiOnsicG9zdF9pZCI6IjMifX0=@\u00bb link_option_url_new_window=\u00bbon\u00bb][\/et_pb_contact_field][\/et_pb_contact_form][\/et_pb_column][\/et_pb_row][et_pb_row _builder_version=\u00bb4.1&#8243;][et_pb_column type=\u00bb4_4&#8243; _builder_version=\u00bb4.1&#8243;][et_pb_code _builder_version=\u00bb4.1&#8243;]<iframe loading=\"lazy\" src=\"https:\/\/www.google.com\/maps\/embed?pb=!1m14!1m8!1m3!1d11810.377261769278!2d2.980168!3d42.2658353!3m2!1i1024!2i768!4f13.1!3m3!1m2!1s0x0%3A0x87da718c07ea5fe7!2sMetal%C2%B7listeria%20Miquel!5e0!3m2!1ses!2ses!4v1581521854988!5m2!1ses!2ses\" width=\"100%\" height=\"400px\" \"frameborder=\"0\" style=\"border:0;\" allowfullscreen=\"\"><\/iframe>[\/et_pb_code][\/et_pb_column][\/et_pb_row][\/et_pb_section]<\/p>\n","protected":false},"excerpt":{"rendered":"<p>Instalaciones de aluminioExcelentes servicios de carpinter\u00eda met\u00e1lica en FigueresContactoEn\u00a0Metal\u2219listeria Miquel\u00a0tenemos experiencia en\u00a0servicios de carpinter\u00eda met\u00e1lica. Contacta con nosotros para obtener m\u00e1s informaci\u00f3n sobre nuestros\u00a0servicios de carpinter\u00eda met\u00e1lica.Ubicaci\u00f3n Direcci\u00f3n: Calle de Gran Bretanya, 9, BAJOSFIGUERES (Girona) 17600Tel\u00e9fono:\u00a0972 509 609M\u00f3vil:\u00a0678 517 909Fax:\u00a0972 503 679 E-mail:\u00a0miquel@metmiquel.comFormulario de contacto Por favor, env\u00edanos tus comentarios<\/p>\n","protected":false},"author":1,"featured_media":0,"parent":0,"menu_order":0,"comment_status":"closed","ping_status":"closed","template":"","meta":{"_et_pb_use_builder":"on","_et_pb_old_content":"","_et_gb_content_width":"","footnotes":""},"class_list":["post-135","page","type-page","status-publish","hentry"],"yoast_head":"<!-- This site is optimized with the Yoast SEO plugin v27.2 - https:\/\/yoast.com\/product\/yoast-seo-wordpress\/ -->\n<title>Contacto - Metal\u00b7listeria Miquel<\/title>\n<meta name=\"robots\" content=\"index, follow, max-snippet:-1, max-image-preview:large, max-video-preview:-1\" \/>\n<link rel=\"canonical\" href=\"https:\/\/www.metal-listeriamiquel.es\/es\/contacto\/\" \/>\n<meta property=\"og:locale\" content=\"es_ES\" \/>\n<meta property=\"og:type\" content=\"article\" \/>\n<meta property=\"og:title\" content=\"Contacto - Metal\u00b7listeria Miquel\" \/>\n<meta property=\"og:description\" content=\"Instalaciones de aluminioExcelentes servicios de carpinter\u00eda met\u00e1lica en FigueresContactoEn\u00a0Metal\u2219listeria Miquel\u00a0tenemos experiencia en\u00a0servicios de carpinter\u00eda met\u00e1lica. Contacta con nosotros para obtener m\u00e1s informaci\u00f3n sobre nuestros\u00a0servicios de carpinter\u00eda met\u00e1lica.Ubicaci\u00f3n Direcci\u00f3n: Calle de Gran Bretanya, 9, BAJOSFIGUERES (Girona) 17600Tel\u00e9fono:\u00a0972 509 609M\u00f3vil:\u00a0678 517 909Fax:\u00a0972 503 679 E-mail:\u00a0miquel@metmiquel.comFormulario de contacto Por favor, env\u00edanos tus comentarios\" \/>\n<meta property=\"og:url\" content=\"https:\/\/www.metal-listeriamiquel.es\/es\/contacto\/\" \/>\n<meta property=\"og:site_name\" content=\"Metal\u00b7listeria Miquel\" \/>\n<meta property=\"article:modified_time\" content=\"2024-10-14T16:29:24+00:00\" \/>\n<meta name=\"twitter:card\" content=\"summary_large_image\" \/>\n<meta name=\"twitter:label1\" content=\"Tiempo de lectura\" \/>\n\t<meta name=\"twitter:data1\" content=\"6 minutos\" \/>\n<script type=\"application\/ld+json\" class=\"yoast-schema-graph\">{\"@context\":\"https:\/\/schema.org\",\"@graph\":[{\"@type\":\"WebPage\",\"@id\":\"https:\/\/www.metal-listeriamiquel.es\/es\/contacto\/\",\"url\":\"https:\/\/www.metal-listeriamiquel.es\/es\/contacto\/\",\"name\":\"Contacto - Metal\u00b7listeria Miquel\",\"isPartOf\":{\"@id\":\"https:\/\/www.metal-listeriamiquel.es\/es\/#website\"},\"datePublished\":\"2020-02-12T15:19:18+00:00\",\"dateModified\":\"2024-10-14T16:29:24+00:00\",\"breadcrumb\":{\"@id\":\"https:\/\/www.metal-listeriamiquel.es\/es\/contacto\/#breadcrumb\"},\"inLanguage\":\"es\",\"potentialAction\":[{\"@type\":\"ReadAction\",\"target\":[\"https:\/\/www.metal-listeriamiquel.es\/es\/contacto\/\"]}]},{\"@type\":\"BreadcrumbList\",\"@id\":\"https:\/\/www.metal-listeriamiquel.es\/es\/contacto\/#breadcrumb\",\"itemListElement\":[{\"@type\":\"ListItem\",\"position\":1,\"name\":\"Inici\",\"item\":\"https:\/\/www.metal-listeriamiquel.es\/es\/\"},{\"@type\":\"ListItem\",\"position\":2,\"name\":\"Contacto\"}]},{\"@type\":\"WebSite\",\"@id\":\"https:\/\/www.metal-listeriamiquel.es\/es\/#website\",\"url\":\"https:\/\/www.metal-listeriamiquel.es\/es\/\",\"name\":\"Metal\u00b7listeria Miquel\",\"description\":\"Fusteria met\u00e0l\u00b7lica i d&#039;alumini a Figueres\",\"publisher\":{\"@id\":\"https:\/\/www.metal-listeriamiquel.es\/es\/#organization\"},\"potentialAction\":[{\"@type\":\"SearchAction\",\"target\":{\"@type\":\"EntryPoint\",\"urlTemplate\":\"https:\/\/www.metal-listeriamiquel.es\/es\/?s={search_term_string}\"},\"query-input\":{\"@type\":\"PropertyValueSpecification\",\"valueRequired\":true,\"valueName\":\"search_term_string\"}}],\"inLanguage\":\"es\"},{\"@type\":\"Organization\",\"@id\":\"https:\/\/www.metal-listeriamiquel.es\/es\/#organization\",\"name\":\"Metal\u00b7listeria Miquel\",\"url\":\"https:\/\/www.metal-listeriamiquel.es\/es\/\",\"logo\":{\"@type\":\"ImageObject\",\"inLanguage\":\"es\",\"@id\":\"https:\/\/www.metal-listeriamiquel.es\/es\/#\/schema\/logo\/image\/\",\"url\":\"https:\/\/www.metal-listeriamiquel.es\/wp-content\/uploads\/2020\/04\/metmiquellogo.png\",\"contentUrl\":\"https:\/\/www.metal-listeriamiquel.es\/wp-content\/uploads\/2020\/04\/metmiquellogo.png\",\"width\":500,\"height\":80,\"caption\":\"Metal\u00b7listeria Miquel\"},\"image\":{\"@id\":\"https:\/\/www.metal-listeriamiquel.es\/es\/#\/schema\/logo\/image\/\"}}]}<\/script>\n<!-- \/ Yoast SEO plugin. -->","yoast_head_json":{"title":"Contacto - Metal\u00b7listeria Miquel","robots":{"index":"index","follow":"follow","max-snippet":"max-snippet:-1","max-image-preview":"max-image-preview:large","max-video-preview":"max-video-preview:-1"},"canonical":"https:\/\/www.metal-listeriamiquel.es\/es\/contacto\/","og_locale":"es_ES","og_type":"article","og_title":"Contacto - Metal\u00b7listeria Miquel","og_description":"Instalaciones de aluminioExcelentes servicios de carpinter\u00eda met\u00e1lica en FigueresContactoEn\u00a0Metal\u2219listeria Miquel\u00a0tenemos experiencia en\u00a0servicios de carpinter\u00eda met\u00e1lica. Contacta con nosotros para obtener m\u00e1s informaci\u00f3n sobre nuestros\u00a0servicios de carpinter\u00eda met\u00e1lica.Ubicaci\u00f3n Direcci\u00f3n: Calle de Gran Bretanya, 9, BAJOSFIGUERES (Girona) 17600Tel\u00e9fono:\u00a0972 509 609M\u00f3vil:\u00a0678 517 909Fax:\u00a0972 503 679 E-mail:\u00a0miquel@metmiquel.comFormulario de contacto Por favor, env\u00edanos tus comentarios","og_url":"https:\/\/www.metal-listeriamiquel.es\/es\/contacto\/","og_site_name":"Metal\u00b7listeria Miquel","article_modified_time":"2024-10-14T16:29:24+00:00","twitter_card":"summary_large_image","twitter_misc":{"Tiempo de lectura":"6 minutos"},"schema":{"@context":"https:\/\/schema.org","@graph":[{"@type":"WebPage","@id":"https:\/\/www.metal-listeriamiquel.es\/es\/contacto\/","url":"https:\/\/www.metal-listeriamiquel.es\/es\/contacto\/","name":"Contacto - Metal\u00b7listeria Miquel","isPartOf":{"@id":"https:\/\/www.metal-listeriamiquel.es\/es\/#website"},"datePublished":"2020-02-12T15:19:18+00:00","dateModified":"2024-10-14T16:29:24+00:00","breadcrumb":{"@id":"https:\/\/www.metal-listeriamiquel.es\/es\/contacto\/#breadcrumb"},"inLanguage":"es","potentialAction":[{"@type":"ReadAction","target":["https:\/\/www.metal-listeriamiquel.es\/es\/contacto\/"]}]},{"@type":"BreadcrumbList","@id":"https:\/\/www.metal-listeriamiquel.es\/es\/contacto\/#breadcrumb","itemListElement":[{"@type":"ListItem","position":1,"name":"Inici","item":"https:\/\/www.metal-listeriamiquel.es\/es\/"},{"@type":"ListItem","position":2,"name":"Contacto"}]},{"@type":"WebSite","@id":"https:\/\/www.metal-listeriamiquel.es\/es\/#website","url":"https:\/\/www.metal-listeriamiquel.es\/es\/","name":"Metal\u00b7listeria Miquel","description":"Fusteria met\u00e0l\u00b7lica i d&#039;alumini a Figueres","publisher":{"@id":"https:\/\/www.metal-listeriamiquel.es\/es\/#organization"},"potentialAction":[{"@type":"SearchAction","target":{"@type":"EntryPoint","urlTemplate":"https:\/\/www.metal-listeriamiquel.es\/es\/?s={search_term_string}"},"query-input":{"@type":"PropertyValueSpecification","valueRequired":true,"valueName":"search_term_string"}}],"inLanguage":"es"},{"@type":"Organization","@id":"https:\/\/www.metal-listeriamiquel.es\/es\/#organization","name":"Metal\u00b7listeria Miquel","url":"https:\/\/www.metal-listeriamiquel.es\/es\/","logo":{"@type":"ImageObject","inLanguage":"es","@id":"https:\/\/www.metal-listeriamiquel.es\/es\/#\/schema\/logo\/image\/","url":"https:\/\/www.metal-listeriamiquel.es\/wp-content\/uploads\/2020\/04\/metmiquellogo.png","contentUrl":"https:\/\/www.metal-listeriamiquel.es\/wp-content\/uploads\/2020\/04\/metmiquellogo.png","width":500,"height":80,"caption":"Metal\u00b7listeria Miquel"},"image":{"@id":"https:\/\/www.metal-listeriamiquel.es\/es\/#\/schema\/logo\/image\/"}}]}},"_links":{"self":[{"href":"https:\/\/www.metal-listeriamiquel.es\/es\/wp-json\/wp\/v2\/pages\/135","targetHints":{"allow":["GET"]}}],"collection":[{"href":"https:\/\/www.metal-listeriamiquel.es\/es\/wp-json\/wp\/v2\/pages"}],"about":[{"href":"https:\/\/www.metal-listeriamiquel.es\/es\/wp-json\/wp\/v2\/types\/page"}],"author":[{"embeddable":true,"href":"https:\/\/www.metal-listeriamiquel.es\/es\/wp-json\/wp\/v2\/users\/1"}],"replies":[{"embeddable":true,"href":"https:\/\/www.metal-listeriamiquel.es\/es\/wp-json\/wp\/v2\/comments?post=135"}],"version-history":[{"count":9,"href":"https:\/\/www.metal-listeriamiquel.es\/es\/wp-json\/wp\/v2\/pages\/135\/revisions"}],"predecessor-version":[{"id":580,"href":"https:\/\/www.metal-listeriamiquel.es\/es\/wp-json\/wp\/v2\/pages\/135\/revisions\/580"}],"wp:attachment":[{"href":"https:\/\/www.metal-listeriamiquel.es\/es\/wp-json\/wp\/v2\/media?parent=135"}],"curies":[{"name":"wp","href":"https:\/\/api.w.org\/{rel}","templated":true}]}}